{"id":2,"date":"2025-04-10T08:04:33","date_gmt":"2025-04-10T08:04:33","guid":{"rendered":"https:\/\/horgaszsteg.hu\/?page_id=2"},"modified":"2025-04-30T09:17:42","modified_gmt":"2025-04-30T09:17:42","slug":"sample-page","status":"publish","type":"page","link":"https:\/\/horgaszsteg.hu\/","title":{"rendered":"Bemutatkoz\u00e1s"},"content":{"rendered":"\n<p>Pr\u00e9mium min\u0151s\u00e9g\u0171, gondoz\u00e1smentes st\u00e9geket k\u00edn\u00e1lunk horg\u00e1szathoz, napoz\u00e1shoz \u00e9s kikapcsol\u00f3d\u00e1shoz, els\u0151sorban a Balaton partj\u00e1ra \u2013 de m\u00e1s v\u00edzparti helysz\u00ednekre is. Modul\u00e1ris rendszer\u00fcnknek k\u00f6sz\u00f6nhet\u0151en st\u00e9geink m\u00e9rete \u00e9s form\u00e1ja szabadon alak\u00edthat\u00f3 az \u00d6n ig\u00e9nyei szerint.<br>Rozsdamentes ac\u00e9l v\u00e1zaink \u00e9s old\u00f3szermentes alapanyagaink nemcsak id\u0151t\u00e1ll\u00f3 megold\u00e1st ny\u00fajtanak, hanem k\u00f6rnyezetbar\u00e1t alternat\u00edv\u00e1t is k\u00e9pviselnek: gy\u00e1rt\u00e1si folyamatunk teljes m\u00e9rt\u00e9kben old\u00f3szermentes, \u00edgy \u00f3vjuk a term\u00e9szetet, amely k\u00f6r\u00fclvesz minket.<\/p>\n","protected":false},"excerpt":{"rendered":"<p>Pr\u00e9mium min\u0151s\u00e9g\u0171, gondoz\u00e1smentes st\u00e9geket k\u00edn\u00e1lunk horg\u00e1szathoz, napoz\u00e1shoz \u00e9s kikapcsol\u00f3d\u00e1shoz, els\u0151sorban a Balaton partj\u00e1ra \u2013 de m\u00e1s v\u00edzparti helysz\u00ednekre is. Modul\u00e1ris rendszer\u00fcnknek k\u00f6sz\u00f6nhet\u0151en st\u00e9geink m\u00e9rete \u00e9s form\u00e1ja szabadon alak\u00edthat\u00f3 az \u00d6n ig\u00e9nyei szerint.Rozsdamentes ac\u00e9l v\u00e1zaink \u00e9s old\u00f3szermentes alapanyagaink nemcsak id\u0151t\u00e1ll\u00f3 megold\u00e1st ny\u00fajtanak, hanem k\u00f6rnyezetbar\u00e1t alternat\u00edv\u00e1t is k\u00e9pviselnek: gy\u00e1rt\u00e1si folyamatunk teljes m\u00e9rt\u00e9kben old\u00f3szermentes, \u00edgy \u00f3vjuk a term\u00e9szetet, [&hellip;]<\/p>\n","protected":false},"author":1,"featured_media":14,"parent":0,"menu_order":0,"comment_status":"closed","ping_status":"open","template":"","meta":{"footnotes":""},"class_list":["post-2","page","type-page","status-publish","has-post-thumbnail","hentry"],"_links":{"self":[{"href":"https:\/\/horgaszsteg.hu\/index.php\/wp-json\/wp\/v2\/pages\/2","targetHints":{"allow":["GET"]}}],"collection":[{"href":"https:\/\/horgaszsteg.hu\/index.php\/wp-json\/wp\/v2\/pages"}],"about":[{"href":"https:\/\/horgaszsteg.hu\/index.php\/wp-json\/wp\/v2\/types\/page"}],"author":[{"embeddable":true,"href":"https:\/\/horgaszsteg.hu\/index.php\/wp-json\/wp\/v2\/users\/1"}],"replies":[{"embeddable":true,"href":"https:\/\/horgaszsteg.hu\/index.php\/wp-json\/wp\/v2\/comments?post=2"}],"version-history":[{"count":2,"href":"https:\/\/horgaszsteg.hu\/index.php\/wp-json\/wp\/v2\/pages\/2\/revisions"}],"predecessor-version":[{"id":15,"href":"https:\/\/horgaszsteg.hu\/index.php\/wp-json\/wp\/v2\/pages\/2\/revisions\/15"}],"wp:featuredmedia":[{"embeddable":true,"href":"https:\/\/horgaszsteg.hu\/index.php\/wp-json\/wp\/v2\/media\/14"}],"wp:attachment":[{"href":"https:\/\/horgaszsteg.hu\/index.php\/wp-json\/wp\/v2\/media?parent=2"}],"curies":[{"name":"wp","href":"https:\/\/api.w.org\/{rel}","templated":true}]}}